{"id":126,"date":"2019-02-02T17:01:00","date_gmt":"2019-02-02T16:01:00","guid":{"rendered":"http:\/\/szafarze.bazydlo.pl\/?page_id=126"},"modified":"2021-09-16T17:54:07","modified_gmt":"2021-09-16T15:54:07","slug":"kontakt","status":"publish","type":"page","link":"https:\/\/szafarze.diecezjazg.pl\/?page_id=126","title":{"rendered":"Kontakt"},"content":{"rendered":"\r\n<p>Administratorem strony jest Grzegorz Bazyd\u0142o (szafarz z parafii Naj\u015bw. Zbawiciela w Zielonej G\u00f3rze).<\/p>\r\n\r\n\r\n\r\n<p>Napisz maila na adres <a href=\"mailto:g.bazydlo@gmail.com\">g.bazydlo@gmail.com<\/a> je\u017celi:<\/p>\r\n\r\n\r\n\r\n<ul class=\"wp-block-list\">\r\n<li>jeste\u015b szafarzem i chcesz uzyska\u0107 dost\u0119p do strony,<\/li>\r\n<li>chcia\u0142by\u015b umie\u015bci\u0107 na stronie informacj\u0119 o jakim\u015b wydarzeniu,<\/li>\r\n<li>masz pomys\u0142 na nowe funkcjonalno\u015bci na stronie lub zauwa\u017cysz jaki\u015b b\u0142\u0105d.<\/li>\r\n<\/ul>\r\n\r\n\r\n\r\n<p>&nbsp;<\/p>\r\n","protected":false},"excerpt":{"rendered":"<p>Administratorem strony jest Grzegorz Bazyd\u0142o (szafarz z parafii Naj\u015bw. Zbawiciela w Zielonej G\u00f3rze). Napisz maila na adres g.bazydlo@gmail.com je\u017celi: jeste\u015b szafarzem i chcesz uzyska\u0107 dost\u0119p do strony, chcia\u0142by\u015b umie\u015bci\u0107 na stronie informacj\u0119 o jakim\u015b wydarzeniu, masz pomys\u0142 na nowe funkcjonalno\u015bci &hellip; <a href=\"https:\/\/szafarze.diecezjazg.pl\/?page_id=126\">Czytaj dalej <span class=\"meta-nav\">&rarr;<\/span><\/a><\/p>\n","protected":false},"author":1,"featured_media":0,"parent":0,"menu_order":0,"comment_status":"closed","ping_status":"closed","template":"","meta":{"footnotes":""},"class_list":["post-126","page","type-page","status-publish","hentry"],"_links":{"self":[{"href":"https:\/\/szafarze.diecezjazg.pl\/index.php?rest_route=\/wp\/v2\/pages\/126","targetHints":{"allow":["GET"]}}],"collection":[{"href":"https:\/\/szafarze.diecezjazg.pl\/index.php?rest_route=\/wp\/v2\/pages"}],"about":[{"href":"https:\/\/szafarze.diecezjazg.pl\/index.php?rest_route=\/wp\/v2\/types\/page"}],"author":[{"embeddable":true,"href":"https:\/\/szafarze.diecezjazg.pl\/index.php?rest_route=\/wp\/v2\/users\/1"}],"replies":[{"embeddable":true,"href":"https:\/\/szafarze.diecezjazg.pl\/index.php?rest_route=%2Fwp%2Fv2%2Fcomments&post=126"}],"version-history":[{"count":2,"href":"https:\/\/szafarze.diecezjazg.pl\/index.php?rest_route=\/wp\/v2\/pages\/126\/revisions"}],"predecessor-version":[{"id":231,"href":"https:\/\/szafarze.diecezjazg.pl\/index.php?rest_route=\/wp\/v2\/pages\/126\/revisions\/231"}],"wp:attachment":[{"href":"https:\/\/szafarze.diecezjazg.pl\/index.php?rest_route=%2Fwp%2Fv2%2Fmedia&parent=126"}],"curies":[{"name":"wp","href":"https:\/\/api.w.org\/{rel}","templated":true}]}}