{"id":2,"date":"2015-06-04T21:07:23","date_gmt":"2015-06-04T21:07:23","guid":{"rendered":"http:\/\/szafarze.bazydlo.pl\/?page_id=2"},"modified":"2025-09-26T17:19:38","modified_gmt":"2025-09-26T15:19:38","slug":"lista-szafarzy","status":"publish","type":"page","link":"https:\/\/szafarze.diecezjazg.pl\/?page_id=2","title":{"rendered":"Lista szafarzy"},"content":{"rendered":"<div class=\"members-access-error\">\n<p class=\"restricted\">Przepraszamy, ale ta tre\u015b\u0107 jest widoczna wy\u0142\u0105cznie dla zalogowanych os\u00f3b.<\/p>\n<\/div>\n","protected":false},"excerpt":{"rendered":"<div class=\"members-access-error\">\n<p class=\"restricted\">Przepraszamy, ale ta tre\u015b\u0107 jest widoczna wy\u0142\u0105cznie dla zalogowanych os\u00f3b.<\/p>\n<\/div>\n","protected":false},"author":1,"featured_media":0,"parent":0,"menu_order":0,"comment_status":"closed","ping_status":"closed","template":"","meta":{"footnotes":""},"class_list":["post-2","page","type-page","status-publish","hentry"],"_links":{"self":[{"href":"https:\/\/szafarze.diecezjazg.pl\/index.php?rest_route=\/wp\/v2\/pages\/2","targetHints":{"allow":["GET"]}}],"collection":[{"href":"https:\/\/szafarze.diecezjazg.pl\/index.php?rest_route=\/wp\/v2\/pages"}],"about":[{"href":"https:\/\/szafarze.diecezjazg.pl\/index.php?rest_route=\/wp\/v2\/types\/page"}],"author":[{"embeddable":true,"href":"https:\/\/szafarze.diecezjazg.pl\/index.php?rest_route=\/wp\/v2\/users\/1"}],"replies":[{"embeddable":true,"href":"https:\/\/szafarze.diecezjazg.pl\/index.php?rest_route=%2Fwp%2Fv2%2Fcomments&post=2"}],"version-history":[{"count":9,"href":"https:\/\/szafarze.diecezjazg.pl\/index.php?rest_route=\/wp\/v2\/pages\/2\/revisions"}],"predecessor-version":[{"id":238,"href":"https:\/\/szafarze.diecezjazg.pl\/index.php?rest_route=\/wp\/v2\/pages\/2\/revisions\/238"}],"wp:attachment":[{"href":"https:\/\/szafarze.diecezjazg.pl\/index.php?rest_route=%2Fwp%2Fv2%2Fmedia&parent=2"}],"curies":[{"name":"wp","href":"https:\/\/api.w.org\/{rel}","templated":true}]}}