{"id":28,"date":"2015-11-17T01:23:18","date_gmt":"2015-11-17T00:23:18","guid":{"rendered":"http:\/\/szafarze.bazydlo.pl\/?page_id=28"},"modified":"2015-11-21T23:15:40","modified_gmt":"2015-11-21T22:15:40","slug":"o-nas","status":"publish","type":"page","link":"https:\/\/szafarze.diecezjazg.pl\/?page_id=28","title":{"rendered":"Kim jeste\u015bmy?"},"content":{"rendered":"<h2><em><strong>Pomocnik kap\u0142ana<\/strong><\/em><\/h2>\n<p>Gdyby chcie\u0107 jednym s\u0142owem okre\u015bli\u0107 kim jest nadzwyczajny szafarz, najkr\u00f3cej mo\u017cna by powiedzie\u0107: \u015bwiecki <strong>pomocnik<\/strong>. Ca\u0142a jego pos\u0142uga jest bowiem tylko <strong>pomoc\u0105 <\/strong>zwyczajnym szafarzom. Nie maj\u0105 oni na celu zast\u0119powa\u0107 kap\u0142an\u00f3w, a tylko wspiera\u0107 ich i uzupe\u0142nia\u0107 w wybranych zadaniach duszpasterskich.<\/p>\n<h2><em><strong>(Nad)zwyczajno\u015b\u0107<\/strong><\/em><\/h2>\n<p>Warto zacz\u0105\u0107 od tego, \u017ce <strong>zwyczajnymi<\/strong> szafarzami Komunii \u015bwi\u0119tej s\u0105 biskupi, prezbiterzy oraz diakoni. To oni podczas eucharystii mog\u0105 rozdawa\u0107 Komuni\u0119 wiernym, a tak\u017ce zanosi\u0107 j\u0105 chorym. I w zasadzie, gdyby liczba zwyczajnych szafarzy by\u0142a odpowiednia, to pos\u0142uga nadzwyczajnych szafarzy nie by\u0142aby konieczna. Zdarzaj\u0105 si\u0119 jednak sytuacje, kiedy podczas mszy \u015bw. liczba kap\u0142an\u00f3w jest niewystarczaj\u0105ca do tego, aby obrz\u0119d komunii przebieg\u0142 sprawnie i nie przeci\u0105ga\u0142 si\u0119 niepotrzebnie. Wtedy w\u0142a\u015bnie z pomoc\u0105 mog\u0105 przyj\u015b\u0107 specjalnie do tej pos\u0142ugi przygotowani <strong>nadzwyczajni<\/strong> szafarze komunii \u015bwi\u0119tej.<\/p>\n<p>Opr\u00f3cz rozdawania Komunii \u015bwi\u0119tej, zadaniem szafarzy (w zasadzie pierwszym i najwa\u017cniejszym) jest zanoszenie jej do <strong>chorych i niepe\u0142nosprawnych<\/strong>. Kap\u0142ani nie s\u0105 w stanie co tydzie\u0144 odwiedza\u0107 wszystkich chorych w naszej parafii tak, aby w ka\u017cd\u0105 niedziel\u0119 osoba chora mog\u0142a przyj\u0105\u0107 Komuni\u0119 \u015bwi\u0119t\u0105. I tutaj pos\u0142uga nadzwyczajnych szafarzy \u015bwietnie uzupe\u0142nia zadania duszpasterskie kap\u0142an\u00f3w. Je\u017celi tylko chory wyrazi tak\u0105 wol\u0119, nadzwyczajny szafarz mo\u017ce co niedziel\u0119 przynie\u015b\u0107 Komuni\u0119 \u015awi\u0119t\u0105, a wraz z ni\u0105 b\u0142ogos\u0142awie\u0144stwo proboszcza i gar\u015b\u0107 informacji o aktualnych wydarzeniach w parafii. Chory mimo, \u017ce fizycznie nie mo\u017ce uczestniczy\u0107 w niedzielnej eucharystii, mo\u017ce poczu\u0107 si\u0119 w pe\u0142ni cz\u0142onkiem parafialnej wsp\u00f3lnoty, bo przecie\u017c choroba absolutnie go z tej wsp\u00f3lnoty nie wy\u0142\u0105cza! Oczywi\u015bcie nic nie zast\u0105pi comiesi\u0119cznej wizyty kap\u0142ana (tylko kap\u0142an mo\u017ce udziela\u0107 sakramentu pokuty), ale przyjmowanie co niedziel\u0119 Komunii \u015awi\u0119tej przez chorych w domu bez nadzwyczajnych szafarzy jest w praktyce niewykonalne. Szkoda, \u017ce w naszej parafii tylko 1% chorych korzysta z wielkiej \u0142aski przyjmowania co niedziel\u0119 Komunii \u015bwi\u0119tej\u2026<\/p>\n<h2><em><strong>Str\u00f3j<\/strong><\/em><\/h2>\n<p>Nadzwyczajny szafarz nios\u0105c Komuni\u0119 \u015bwi\u0119t\u0105 do chorego pe\u0142ni swoj\u0105 funkcj\u0119 w stroju \u015bwieckim, ale od\u015bwi\u0119tnym. Naj\u015bwi\u0119tszy Sakrament umieszcza w specjalnym naczyniu \u2013 tzw. bursie i zawiesza na szyi. Pokonuj\u0105c drog\u0119 do chorego stara si\u0119 z nikim nie rozmawia\u0107 \u2013 raczej pozostawa\u0107 w modlitewnym skupieniu. Warto przypomnie\u0107, \u017ce mijaj\u0105c szafarza (zwyczajnego lub nadzwyczajnego) z widoczn\u0105 burs\u0105 na piersi powinni\u015bmy odda\u0107 ho\u0142d Chrystusowi obecnemu w Naj\u015bwi\u0119tszym Sakramencie. W czasie eucharystii nadzwyczajny szafarz pe\u0142ni sw\u0105 pos\u0142ug\u0119 w albie.<\/p>\n<h2><em><strong>Zosta\u0107 szafarzem<\/strong><\/em><\/h2>\n<p>Ju\u017c czterdzie\u015bci lat temu, papie\u017c Pawe\u0142 VI w instrukcji \u201eImmensae caritatis\u201d wyda\u0142 zgod\u0119, aby \u015bwieccy mogli podczas Mszy \u015bw. udziela\u0107 Komunii \u015awi\u0119tej. W Polsce taka mo\u017cliwo\u015b\u0107 istnieje od 1990 roku, kiedy to Episkopat Polski\u00a0na Konferencji Plenarnej przyj\u0105\u0142 uchwa\u0142\u0119 wprowadzaj\u0105c\u0105 funkcj\u0119 nadzwyczajnych szafarzy Komunii na terenie Polski. Na jej mocy biskupi diecezjalni mog\u0105 powo\u0142ywa\u0107 do tej funkcji osoby w wieku <strong>od 25 do 65 lat<\/strong>, rekomendowane przez proboszcz\u00f3w. Nadzwyczajnym szafarzem mo\u017ce zosta\u0107 nie tylko m\u0119\u017cczyzna, ale te\u017c siostra zakonna lub niewiasta \u017cycia konsekrowanego. Kandydaci powinni odznacza\u0107 si\u0119 w\u0142a\u015bciwym \u017cyciem moralnym i pobo\u017cno\u015bci\u0105, mie\u0107 wykszta\u0142cenie minimum \u015brednie i zna\u0107 podstawowe prawdy teologiczne. W praktyce ka\u017cdy kandydat musi uko\u0144czy\u0107 <strong>specjalny kurs<\/strong> przygotowawczy do pe\u0142nienia tej pos\u0142ugi. Funkcja nie jest powierzana na ca\u0142e \u017cycie, a tylko na rok, z mo\u017cliwo\u015bci\u0105 jej przed\u0142u\u017cania.<\/p>\n<p>W Polsce \u015bwieckich szafarzy jest prawie pi\u0119\u0107 tysi\u0119cy, cho\u0107 s\u0105 takie diecezje, gdzie nie powo\u0142ano jeszcze \u017cadnego nadzwyczajnego szafarza. W naszej diecezji nadzwyczajnych szafarzy jest prawie 400.<\/p>\n<p>Warto podkre\u015bli\u0107, \u017ce pe\u0142nienie tej pos\u0142ugi jest z jednej strony zaszczytem i <strong>wyr\u00f3\u017cnieniem<\/strong>, a z drugiej ogromn\u0105 <strong>odpowiedzialno\u015bci\u0105<\/strong> i s\u0142u\u017cb\u0105 wobec Ko\u015bcio\u0142a, co z kolei zobowi\u0105zuje do permanentnego rozwoju duchowego, udzia\u0142u w specjalnych rekolekcjach dla szafarzy itp. To droga ci\u0105g\u0142ego pog\u0142\u0119biania w\u0142asnej formacji chrze\u015bcija\u0144skiej.<\/p>\n<div id=\"attachment_33\" style=\"width: 594px\" class=\"wp-caption aligncenter\"><a href=\"http:\/\/szafarze.bazydlo.pl\/wp-content\/uploads\/2015\/11\/szafarze_1_2013.jpg\"><img loading=\"lazy\" decoding=\"async\" aria-describedby=\"caption-attachment-33\" class=\"wp-image-33 size-large\" src=\"http:\/\/szafarze.bazydlo.pl\/wp-content\/uploads\/2015\/11\/szafarze_1_2013-1024x519.jpg\" alt=\"Szafarze2013\" width=\"584\" height=\"296\" srcset=\"https:\/\/szafarze.diecezjazg.pl\/wp-content\/uploads\/2015\/11\/szafarze_1_2013-1024x519.jpg 1024w, https:\/\/szafarze.diecezjazg.pl\/wp-content\/uploads\/2015\/11\/szafarze_1_2013-300x152.jpg 300w, https:\/\/szafarze.diecezjazg.pl\/wp-content\/uploads\/2015\/11\/szafarze_1_2013-500x253.jpg 500w\" sizes=\"auto, (max-width: 584px) 100vw, 584px\" \/><\/a><p id=\"caption-attachment-33\" class=\"wp-caption-text\">38 nadzwyczajnych szafarzy Komunii \u015bwi\u0119tej ustanowionych w 2013 roku w Parady\u017cu<\/p><\/div>\n<p style=\"text-align: right;\"><em>Grzegorz Bazyd\u0142o<\/em><\/p>\n<p><em>\u0179r\u00f3d\u0142a: \u201eNadzwyczajny szafarz komunii \u015bwi\u0119tej i jego liturgiczna pos\u0142uga\u201d, Wydawnictwo Bernardinum 2010; www.adonai.pl\/sakramenty\/eucharystia\/?id=18; www.szafarze.kuria.zg.pl, artyku\u0142 w gazetce parafialnej &#8222;Zbawiciel&#8221;<\/em><\/p>\n","protected":false},"excerpt":{"rendered":"<p>Pomocnik kap\u0142ana Gdyby chcie\u0107 jednym s\u0142owem okre\u015bli\u0107 kim jest nadzwyczajny szafarz, najkr\u00f3cej mo\u017cna by powiedzie\u0107: \u015bwiecki pomocnik. Ca\u0142a jego pos\u0142uga jest bowiem tylko pomoc\u0105 zwyczajnym szafarzom. Nie maj\u0105 oni na celu zast\u0119powa\u0107 kap\u0142an\u00f3w, a tylko wspiera\u0107 ich i uzupe\u0142nia\u0107 w &hellip; <a href=\"https:\/\/szafarze.diecezjazg.pl\/?page_id=28\">Czytaj dalej <span class=\"meta-nav\">&rarr;<\/span><\/a><\/p>\n","protected":false},"author":1,"featured_media":0,"parent":0,"menu_order":0,"comment_status":"closed","ping_status":"closed","template":"","meta":{"footnotes":""},"class_list":["post-28","page","type-page","status-publish","hentry"],"_links":{"self":[{"href":"https:\/\/szafarze.diecezjazg.pl\/index.php?rest_route=\/wp\/v2\/pages\/28","targetHints":{"allow":["GET"]}}],"collection":[{"href":"https:\/\/szafarze.diecezjazg.pl\/index.php?rest_route=\/wp\/v2\/pages"}],"about":[{"href":"https:\/\/szafarze.diecezjazg.pl\/index.php?rest_route=\/wp\/v2\/types\/page"}],"author":[{"embeddable":true,"href":"https:\/\/szafarze.diecezjazg.pl\/index.php?rest_route=\/wp\/v2\/users\/1"}],"replies":[{"embeddable":true,"href":"https:\/\/szafarze.diecezjazg.pl\/index.php?rest_route=%2Fwp%2Fv2%2Fcomments&post=28"}],"version-history":[{"count":6,"href":"https:\/\/szafarze.diecezjazg.pl\/index.php?rest_route=\/wp\/v2\/pages\/28\/revisions"}],"predecessor-version":[{"id":38,"href":"https:\/\/szafarze.diecezjazg.pl\/index.php?rest_route=\/wp\/v2\/pages\/28\/revisions\/38"}],"wp:attachment":[{"href":"https:\/\/szafarze.diecezjazg.pl\/index.php?rest_route=%2Fwp%2Fv2%2Fmedia&parent=28"}],"curies":[{"name":"wp","href":"https:\/\/api.w.org\/{rel}","templated":true}]}}